{"id":1651,"date":"2024-04-24T13:58:30","date_gmt":"2024-04-24T11:58:30","guid":{"rendered":"https:\/\/neu.rhiem.com\/?page_id=1651"},"modified":"2024-07-16T10:59:52","modified_gmt":"2024-07-16T08:59:52","slug":"packaging-print","status":"publish","type":"page","link":"https:\/\/www.rhiem.com\/de\/packaging-print\/","title":{"rendered":"Packaging &#038; Print"},"content":{"rendered":"<p>[et_pb_section fb_built=&#8220;1&#8243; admin_label=&#8220;Page Title Section&#8220; _builder_version=&#8220;4.25.1&#8243; background_enable_image=&#8220;off&#8220; background_video_mp4=&#8220;https:\/\/www.rhiem.com\/wp-content\/uploads\/2024\/04\/packaging-print.mp4&#8243; custom_padding=&#8220;110px||110px|&#8220; custom_css_before=&#8220;content:%22%22;||display: block;||position: absolute;||top: 0;||left: 0;||width: 100%;||height: 100%;||z-index: 2;||background-color: rgba(0,0,0,0.4);&#8220; locked=&#8220;off&#8220; collapsed=&#8220;on&#8220; global_colors_info=&#8220;{}&#8220;][et_pb_row column_structure=&#8220;3_4,1_4&#8243; make_equal=&#8220;on&#8220; admin_label=&#8220;Page Title Area&#8220; _builder_version=&#8220;4.24.0&#8243; background_size=&#8220;initial&#8220; background_position=&#8220;top_left&#8220; background_repeat=&#8220;repeat&#8220; max_width=&#8220;80%&#8220; global_colors_info=&#8220;{}&#8220;][et_pb_column type=&#8220;3_4&#8243; _builder_version=&#8220;4.16&#8243; custom_padding=&#8220;|||&#8220; global_colors_info=&#8220;{}&#8220; custom_padding__hover=&#8220;|||&#8220;][et_pb_text admin_label=&#8220;Title&#8220; _builder_version=&#8220;4.24.0&#8243; text_font=&#8220;||||||||&#8220; header_font=&#8220;|700|||||||&#8220; header_font_size=&#8220;60px&#8220; header_line_height=&#8220;1.2em&#8220; header_2_font=&#8220;||||||||&#8220; header_2_font_size=&#8220;60px&#8220; background_layout=&#8220;dark&#8220; custom_margin=&#8220;||20px|&#8220; custom_padding=&#8220;|||&#8220; animation_style=&#8220;fade&#8220; header_font_size_tablet=&#8220;&#8220; header_font_size_phone=&#8220;40px&#8220; header_font_size_last_edited=&#8220;on|phone&#8220; global_colors_info=&#8220;{}&#8220;]<\/p>\n<h1 style=\"padding:0;\">Packaging &#038; Print<\/h1>\n<p>[\/et_pb_text][et_pb_text admin_label=&#8220;Page Subtitle&#8220; module_class=&#8220;rhiem-dark-bg&#8220; _builder_version=&#8220;4.25.1&#8243; text_font=&#8220;||||||||&#8220; text_font_size=&#8220;18px&#8220; text_line_height=&#8220;1.8em&#8220; link_font=&#8220;|700|||||||&#8220; link_text_color=&#8220;#FFFFFF&#8220; header_font=&#8220;||||||||&#8220; background_layout=&#8220;dark&#8220; animation_style=&#8220;fade&#8220; hover_enabled=&#8220;0&#8243; global_colors_info=&#8220;{}&#8220; sticky_enabled=&#8220;0&#8243;]<\/p>\n<p>Verpackungen sind t\u00e4glich \u00fcberzeugende Markenbotschafter. Seit \u00fcber 5 Jahrzehnten ist RHIEM leistungsstarker Partner f\u00fcr effizient produzierte Verpackungen und Printmaterialien. Mit modernster Technologie und \u00fcber 100 motivierten, hoch qualifizierten Mitarbeitern erzielen wir f\u00fcr unsere Kunden aus Industrie und Handel t\u00e4glich Spitzenergebnisse in Konstruktion, Produktion und Weiterverarbeitung \u2013 und das alles mit einem ausgefeilten Qualit\u00e4tsmanagement bei h\u00f6chster Kundenorientierung. Auf Wunsch auch klimaneutral.<\/p>\n <div class=\"brlbs-cmpnt-container brlbs-cmpnt-content-blocker brlbs-cmpnt-with-individual-styles\" data-borlabs-cookie-content-blocker-id=\"vimeo-content-blocker-lightbox-link\" data-borlabs-cookie-content=\"CjxwPjxhIGhyZWY9Imh0dHBzOi8vcGxheWVyLnZpbWVvLmNvbS92aWRlby8yMDg0NzYzMzciIGNsYXNzPSJ3cGxpZ2h0Ym94IHJoaWVtLWRhcmstYmciPlZpZGVvIGFuc2VoZW48L2E+PC9wPgo8cD4=\"><p class=\"vimeo-content-blocker-lightbox-link\"> Um Videos von RHIEM ansehen zu k\u00f6nnen, m\u00fcssen Sie Cookies von <strong>Vimeo<\/strong> akzeptieren.<br> Sie k\u00f6nnen dieses <a href=\"#\" data-borlabs-cookie-unblock>Video anzeigen<\/a>, <a href=\"#\" data-borlabs-cookie-accept-service style=\"display: inherit\">alle Videos von Vimeo anzeigen<\/a> oder <a href=\"#\" data-borlabs-cookie-show-provider-information >weitere Informationen<\/a> ansehen. <\/p><\/div>[\/et_pb_text][\/et_pb_column][et_pb_column type=&#8220;1_4&#8243; _builder_version=&#8220;4.16&#8243; custom_padding=&#8220;|||&#8220; global_colors_info=&#8220;{}&#8220; custom_padding__hover=&#8220;|||&#8220;][\/et_pb_column][\/et_pb_row][\/et_pb_section][et_pb_section fb_built=&#8220;1&#8243; disabled_on=&#8220;off|off|off&#8220; admin_label=&#8220;Services Section&#8220; _builder_version=&#8220;4.24.0&#8243; _module_preset=&#8220;default&#8220; background_color=&#8220;RGBA(255,255,255,0)&#8220; custom_margin=&#8220;-80px||||false|false&#8220; custom_padding=&#8220;0px||80px||false|false&#8220; locked=&#8220;off&#8220; collapsed=&#8220;on&#8220; global_colors_info=&#8220;{}&#8220;][et_pb_row column_structure=&#8220;1_3,1_3,1_3&#8243; use_custom_gutter=&#8220;on&#8220; gutter_width=&#8220;2&#8243; make_equal=&#8220;on&#8220; custom_padding_last_edited=&#8220;on|desktop&#8220; _builder_version=&#8220;4.24.0&#8243; max_width=&#8220;80%&#8220; custom_margin=&#8220;||||false|false&#8220; custom_padding=&#8220;0px||||false|false&#8220; custom_padding_tablet=&#8220;0px||||false|false&#8220; custom_padding_phone=&#8220;0px||||false|false&#8220; use_custom_width=&#8220;on&#8220; custom_width_px=&#8220;1440px&#8220; locked=&#8220;off&#8220; global_colors_info=&#8220;{}&#8220;][et_pb_column type=&#8220;1_3&#8243; _builder_version=&#8220;4.16&#8243; custom_padding=&#8220;|||&#8220; global_colors_info=&#8220;{}&#8220; custom_padding__hover=&#8220;|||&#8220;][et_pb_blurb title=&#8220;Verpackungen&#8220; url=&#8220;\/packaging-print\/packaging\/&#8220; image=&#8220;https:\/\/www.rhiem.com\/wp-content\/uploads\/2024\/04\/verpackungen.jpg&#8220; _builder_version=&#8220;4.26.0&#8243; _module_preset=&#8220;default&#8220; background_color=&#8220;#FFFFFF&#8220; height=&#8220;100%&#8220; custom_margin_tablet=&#8220;&#8220; custom_margin_phone=&#8220;&#8220; custom_margin_last_edited=&#8220;on|desktop&#8220; custom_padding=&#8220;30px|30px|30px|30px|false|false&#8220; animation_style=&#8220;slide&#8220; animation_direction=&#8220;bottom&#8220; link_option_url=&#8220;\/packaging-print\/packaging\/&#8220; box_shadow_style=&#8220;preset1&#8243; box_shadow_blur=&#8220;80px&#8220; box_shadow_color=&#8220;rgba(0,0,0,0.2)&#8220; global_colors_info=&#8220;{}&#8220;]<\/p>\n<p>Die optimale Verpackung f\u00fcr Ihr Produkt, Ihre Prozesse und Ihren Absatzkanal. Wir finden die beste L\u00f6sung f\u00fcr Ihre Aufgabe: fertigungsgerecht, konfektionsgerecht und aufmerksamkeitsstark. Das Spektrum der Produkte reicht von Faltschachteln \u00fcber Wellverpackungen und Kunststoffverpackungen bis hin zu aufwendigen Verbundverpackungen.<\/p>\n<p><a title=\"Verpackungen\" href=\"\/de\/packaging-print\/packaging\/\">Mehr erfahren<\/a><\/p>\n<p>[\/et_pb_blurb][\/et_pb_column][et_pb_column type=&#8220;1_3&#8243; _builder_version=&#8220;4.16&#8243; custom_padding=&#8220;|||&#8220; global_colors_info=&#8220;{}&#8220; custom_padding__hover=&#8220;|||&#8220;][et_pb_blurb title=&#8220;Verpackungsentwicklung&#8220; url=&#8220;\/packaging-print\/verpackungsentwicklung\/&#8220; image=&#8220;https:\/\/www.rhiem.com\/wp-content\/uploads\/2024\/04\/verpackungsentwicklung.jpg&#8220; _builder_version=&#8220;4.26.0&#8243; _module_preset=&#8220;default&#8220; background_color=&#8220;#FFFFFF&#8220; height=&#8220;100%&#8220; custom_padding=&#8220;30px|30px|30px|30px|false|false&#8220; animation_style=&#8220;slide&#8220; animation_direction=&#8220;bottom&#8220; link_option_url=&#8220;\/packaging-print\/verpackungsentwicklung\/&#8220; box_shadow_style=&#8220;preset1&#8243; box_shadow_blur=&#8220;80px&#8220; box_shadow_color=&#8220;rgba(0,0,0,0.2)&#8220; global_colors_info=&#8220;{}&#8220;]<\/p>\n<p>Wir entwickeln und optimieren Verpackungsl\u00f6sungen, begeistern durch aufmerksamkeitsstarke Konturen und reduzieren Ihre Konfektionsaufw\u00e4nde in der automatischen oder manuellen Weiterverarbeitung. Produktanforderungen, Umweltrichtlinien und gesetzliche Vorgaben werden dabei selbstverst\u00e4ndlich mit einbezogen.<\/p>\n<p><a title=\"Verpackungsentwicklung\" href=\"\/de\/packaging-print\/verpackungsentwicklung\/\">Mehr erfahren<\/a><\/p>\n<p>[\/et_pb_blurb][\/et_pb_column][et_pb_column type=&#8220;1_3&#8243; _builder_version=&#8220;4.16&#8243; custom_padding=&#8220;|||&#8220; global_colors_info=&#8220;{}&#8220; custom_padding__hover=&#8220;|||&#8220;][et_pb_blurb title=&#8220;Print-Produkte&#8220; url=&#8220;\/packaging-print\/print-produkte\/&#8220; image=&#8220;https:\/\/www.rhiem.com\/wp-content\/uploads\/2024\/04\/print-produkte.jpg&#8220; _builder_version=&#8220;4.26.0&#8243; _module_preset=&#8220;default&#8220; background_color=&#8220;#FFFFFF&#8220; height=&#8220;100%&#8220; custom_padding=&#8220;30px|30px|30px|30px|false|false&#8220; animation_style=&#8220;slide&#8220; animation_direction=&#8220;bottom&#8220; link_option_url=&#8220;\/packaging-print\/print-produkte\/&#8220; box_shadow_style=&#8220;preset1&#8243; box_shadow_blur=&#8220;80px&#8220; box_shadow_color=&#8220;rgba(0,0,0,0.2)&#8220; global_colors_info=&#8220;{}&#8220;]<\/p>\n<p>Wir produzieren Drucksachen mit hoher Qualit\u00e4t. Ihre kreativen Ideen bei der Gestaltung Ihrer Marketing- und Vertriebsmaterialien setzen wir professionell um, sowohl in der Vorstufe als auch in Produktion und Weiterverarbeitung.<\/p>\n<p><a title=\"Print-Produkte\" href=\"\/de\/packaging-print\/print-produkte\/\">Mehr erfahren<\/a><\/p>\n<p>[\/et_pb_blurb][\/et_pb_column][\/et_pb_row][et_pb_row column_structure=&#8220;1_3,1_3,1_3&#8243; use_custom_gutter=&#8220;on&#8220; gutter_width=&#8220;2&#8243; make_equal=&#8220;on&#8220; custom_padding_last_edited=&#8220;on|desktop&#8220; _builder_version=&#8220;4.24.0&#8243; max_width=&#8220;80%&#8220; custom_margin=&#8220;||||false|false&#8220; custom_padding_tablet=&#8220;0px||||false|false&#8220; custom_padding_phone=&#8220;||||false|false&#8220; use_custom_width=&#8220;on&#8220; custom_width_px=&#8220;1440px&#8220; locked=&#8220;off&#8220; global_colors_info=&#8220;{}&#8220;][et_pb_column type=&#8220;1_3&#8243; _builder_version=&#8220;4.16&#8243; custom_padding=&#8220;|||&#8220; global_colors_info=&#8220;{}&#8220; custom_padding__hover=&#8220;|||&#8220;][et_pb_blurb title=&#8220;Drucken &#038; Veredeln&#8220; url=&#8220;\/packaging-print\/drucken-veredeln\/&#8220; image=&#8220;https:\/\/www.rhiem.com\/wp-content\/uploads\/2024\/04\/drucken-veredeln.jpg&#8220; _builder_version=&#8220;4.26.0&#8243; _module_preset=&#8220;default&#8220; background_color=&#8220;#FFFFFF&#8220; height=&#8220;100%&#8220; custom_padding=&#8220;30px|30px|30px|30px|false|false&#8220; animation_style=&#8220;slide&#8220; animation_direction=&#8220;bottom&#8220; link_option_url=&#8220;\/packaging-print\/drucken-veredeln\/&#8220; box_shadow_style=&#8220;preset1&#8243; box_shadow_blur=&#8220;80px&#8220; box_shadow_color=&#8220;rgba(0,0,0,0.2)&#8220; global_colors_info=&#8220;{}&#8220;]<\/p>\n<p>Ob Zellstoff-, Recycling-, Gras-, Algenkarton oder kaschierte Welle \u2013 RHIEM ist Ihr leistungsstarker Partner beim Verpackungsdruck von Faltschachteln und Schalen. Alle wichtigen Veredelungs- und Endverarbeitungsverfahren sind inhouse verf\u00fcgbar. Innovative Technologie unterstreicht unseren hohen Qualit\u00e4tsanspruch.<\/p>\n<p><a title=\"Drucken &amp; Veredeln\" href=\"\/de\/packaging-print\/drucken-veredeln\/\">Mehr erfahren<\/a><\/p>\n<p>[\/et_pb_blurb][\/et_pb_column][et_pb_column type=&#8220;1_3&#8243; _builder_version=&#8220;4.16&#8243; custom_padding=&#8220;|||&#8220; global_colors_info=&#8220;{}&#8220; custom_padding__hover=&#8220;|||&#8220;][et_pb_blurb title=&#8220;Digitaldruck&#8220; url=&#8220;\/packaging-print\/digitaldruck\/&#8220; image=&#8220;https:\/\/www.rhiem.com\/wp-content\/uploads\/2024\/04\/digitaldruck.jpg&#8220; _builder_version=&#8220;4.26.0&#8243; _module_preset=&#8220;default&#8220; background_color=&#8220;#FFFFFF&#8220; height=&#8220;100%&#8220; custom_padding=&#8220;30px|30px|30px|30px|false|false&#8220; animation_style=&#8220;slide&#8220; animation_direction=&#8220;bottom&#8220; link_option_url=&#8220;\/packaging-print\/digitaldruck\/&#8220; box_shadow_style=&#8220;preset1&#8243; box_shadow_blur=&#8220;80px&#8220; box_shadow_color=&#8220;rgba(0,0,0,0.2)&#8220; global_colors_info=&#8220;{}&#8220;]<\/p>\n<p>Digitaldruck und digitale Veredelung gewinnen immer mehr an Bedeutung. Gerade bei kleinen Auflagen und h\u00e4ufigen Variantenwechseln erzielen wir unschlagbare Vorteile gegen\u00fcber klassischen Fertigungsverfahren.<\/p>\n<p><a title=\"Digitaldruck\" href=\"\/de\/packaging-print\/digitaldruck\/\">Mehr erfahren<\/a><\/p>\n<p>[\/et_pb_blurb][\/et_pb_column][et_pb_column type=&#8220;1_3&#8243; _builder_version=&#8220;4.16&#8243; custom_padding=&#8220;|||&#8220; global_colors_info=&#8220;{}&#8220; custom_padding__hover=&#8220;|||&#8220;][et_pb_blurb title=&#8220;Trays&#8220; url=&#8220;\/packaging-print\/thermoforming\/&#8220; image=&#8220;https:\/\/www.rhiem.com\/wp-content\/uploads\/2024\/04\/trays.jpg&#8220; _builder_version=&#8220;4.26.0&#8243; _module_preset=&#8220;default&#8220; background_color=&#8220;#FFFFFF&#8220; height=&#8220;100%&#8220; custom_padding=&#8220;30px|30px|30px|30px|false|false&#8220; animation_style=&#8220;slide&#8220; animation_direction=&#8220;bottom&#8220; link_option_url=&#8220;\/packaging-print\/thermoforming\/&#8220; box_shadow_style=&#8220;preset1&#8243; box_shadow_blur=&#8220;80px&#8220; box_shadow_color=&#8220;rgba(0,0,0,0.2)&#8220; global_colors_info=&#8220;{}&#8220;]<\/p>\n<p>RHIEM projektiert hybride Verpackungsl\u00f6sungen f\u00fcr Ihre Einzel- und Setverpackungen. Profitieren Sie von dem idealen Mix recyclingf\u00e4higer Materialien, wie Zellstoff oder Kunststoff und unterschiedlichen Fertigungsverfahren bei Faltschachteln und Inlays.<\/p>\n<p><a title=\"Trays\" href=\"\/de\/packaging-print\/trays\/\">Mehr erfahren<\/a><\/p>\n<p>[\/et_pb_blurb][\/et_pb_column][\/et_pb_row][\/et_pb_section]<\/p>\n","protected":false},"excerpt":{"rendered":"<p>Packaging &#038; PrintVerpackungen sind t\u00e4glich \u00fcberzeugende Markenbotschafter. Seit \u00fcber 5 Jahrzehnten ist RHIEM leistungsstarker Partner f\u00fcr effizient produzierte Verpackungen und Printmaterialien. Mit modernster Technologie und \u00fcber 100 motivierten, hoch qualifizierten Mitarbeitern erzielen wir f\u00fcr unsere Kunden aus Industrie und Handel t\u00e4glich Spitzenergebnisse in Konstruktion, Produktion und Weiterverarbeitung \u2013 und das alles mit einem ausgefeilten Qualit\u00e4tsmanagement [&hellip;]<\/p>\n","protected":false},"author":1,"featured_media":0,"parent":0,"menu_order":0,"comment_status":"closed","ping_status":"closed","template":"","meta":{"_et_pb_use_builder":"on","_et_pb_old_content":"","_et_gb_content_width":"","footnotes":""},"class_list":["post-1651","page","type-page","status-publish","hentry"],"yoast_head":"<!-- This site is optimized with the Yoast SEO plugin v27.0 - https:\/\/yoast.com\/product\/yoast-seo-wordpress\/ -->\n<title>Packaging &amp; Print - RHIEM Gruppe<\/title>\n<meta name=\"robots\" content=\"index, follow, max-snippet:-1, max-image-preview:large, max-video-preview:-1\" \/>\n<link rel=\"canonical\" href=\"https:\/\/www.rhiem.com\/de\/packaging-print\/\" \/>\n<meta property=\"og:locale\" content=\"de_DE\" \/>\n<meta property=\"og:type\" content=\"article\" \/>\n<meta property=\"og:title\" content=\"Packaging &amp; Print - RHIEM Gruppe\" \/>\n<meta property=\"og:description\" content=\"Packaging &amp; PrintVerpackungen sind t\u00e4glich \u00fcberzeugende Markenbotschafter. Seit \u00fcber 5 Jahrzehnten ist RHIEM leistungsstarker Partner f\u00fcr effizient produzierte Verpackungen und Printmaterialien. Mit modernster Technologie und \u00fcber 100 motivierten, hoch qualifizierten Mitarbeitern erzielen wir f\u00fcr unsere Kunden aus Industrie und Handel t\u00e4glich Spitzenergebnisse in Konstruktion, Produktion und Weiterverarbeitung \u2013 und das alles mit einem ausgefeilten Qualit\u00e4tsmanagement [&hellip;]\" \/>\n<meta property=\"og:url\" content=\"https:\/\/www.rhiem.com\/de\/packaging-print\/\" \/>\n<meta property=\"og:site_name\" content=\"RHIEM Gruppe\" \/>\n<meta property=\"article:modified_time\" content=\"2024-07-16T08:59:52+00:00\" \/>\n<meta name=\"twitter:card\" content=\"summary_large_image\" \/>\n<meta name=\"twitter:label1\" content=\"Gesch\u00e4tzte Lesezeit\" \/>\n\t<meta name=\"twitter:data1\" content=\"3\u00a0Minuten\" \/>\n<script type=\"application\/ld+json\" class=\"yoast-schema-graph\">{\"@context\":\"https:\/\/schema.org\",\"@graph\":[{\"@type\":\"WebPage\",\"@id\":\"https:\/\/www.rhiem.com\/de\/packaging-print\/\",\"url\":\"https:\/\/www.rhiem.com\/de\/packaging-print\/\",\"name\":\"Packaging & Print - RHIEM Gruppe\",\"isPartOf\":{\"@id\":\"https:\/\/www.rhiem.com\/de\/#website\"},\"datePublished\":\"2024-04-24T11:58:30+00:00\",\"dateModified\":\"2024-07-16T08:59:52+00:00\",\"breadcrumb\":{\"@id\":\"https:\/\/www.rhiem.com\/de\/packaging-print\/#breadcrumb\"},\"inLanguage\":\"de\",\"potentialAction\":[{\"@type\":\"ReadAction\",\"target\":[\"https:\/\/www.rhiem.com\/de\/packaging-print\/\"]}]},{\"@type\":\"BreadcrumbList\",\"@id\":\"https:\/\/www.rhiem.com\/de\/packaging-print\/#breadcrumb\",\"itemListElement\":[{\"@type\":\"ListItem\",\"position\":1,\"name\":\"Home\",\"item\":\"https:\/\/www.rhiem.com\/de\/\"},{\"@type\":\"ListItem\",\"position\":2,\"name\":\"Packaging &#038; Print\"}]},{\"@type\":\"WebSite\",\"@id\":\"https:\/\/www.rhiem.com\/de\/#website\",\"url\":\"https:\/\/www.rhiem.com\/de\/\",\"name\":\"RHIEM Gruppe\",\"description\":\"Packaging &amp; Print \u2022 E-Commerce \u2022 Logistics \u2022 Werbemittel Management\",\"publisher\":{\"@id\":\"https:\/\/www.rhiem.com\/de\/#organization\"},\"potentialAction\":[{\"@type\":\"SearchAction\",\"target\":{\"@type\":\"EntryPoint\",\"urlTemplate\":\"https:\/\/www.rhiem.com\/de\/?s={search_term_string}\"},\"query-input\":{\"@type\":\"PropertyValueSpecification\",\"valueRequired\":true,\"valueName\":\"search_term_string\"}}],\"inLanguage\":\"de\"},{\"@type\":\"Organization\",\"@id\":\"https:\/\/www.rhiem.com\/de\/#organization\",\"name\":\"RHIEM Gruppe\",\"url\":\"https:\/\/www.rhiem.com\/de\/\",\"logo\":{\"@type\":\"ImageObject\",\"inLanguage\":\"de\",\"@id\":\"https:\/\/www.rhiem.com\/de\/#\/schema\/logo\/image\/\",\"url\":\"https:\/\/www.rhiem.com\/wp-content\/uploads\/2023\/09\/rhiem-logo.svg\",\"contentUrl\":\"https:\/\/www.rhiem.com\/wp-content\/uploads\/2023\/09\/rhiem-logo.svg\",\"width\":480,\"height\":280,\"caption\":\"RHIEM Gruppe\"},\"image\":{\"@id\":\"https:\/\/www.rhiem.com\/de\/#\/schema\/logo\/image\/\"}}]}<\/script>\n<!-- \/ Yoast SEO plugin. -->","yoast_head_json":{"title":"Packaging & Print - RHIEM Gruppe","robots":{"index":"index","follow":"follow","max-snippet":"max-snippet:-1","max-image-preview":"max-image-preview:large","max-video-preview":"max-video-preview:-1"},"canonical":"https:\/\/www.rhiem.com\/de\/packaging-print\/","og_locale":"de_DE","og_type":"article","og_title":"Packaging & Print - RHIEM Gruppe","og_description":"Packaging & PrintVerpackungen sind t\u00e4glich \u00fcberzeugende Markenbotschafter. Seit \u00fcber 5 Jahrzehnten ist RHIEM leistungsstarker Partner f\u00fcr effizient produzierte Verpackungen und Printmaterialien. Mit modernster Technologie und \u00fcber 100 motivierten, hoch qualifizierten Mitarbeitern erzielen wir f\u00fcr unsere Kunden aus Industrie und Handel t\u00e4glich Spitzenergebnisse in Konstruktion, Produktion und Weiterverarbeitung \u2013 und das alles mit einem ausgefeilten Qualit\u00e4tsmanagement [&hellip;]","og_url":"https:\/\/www.rhiem.com\/de\/packaging-print\/","og_site_name":"RHIEM Gruppe","article_modified_time":"2024-07-16T08:59:52+00:00","twitter_card":"summary_large_image","twitter_misc":{"Gesch\u00e4tzte Lesezeit":"3\u00a0Minuten"},"schema":{"@context":"https:\/\/schema.org","@graph":[{"@type":"WebPage","@id":"https:\/\/www.rhiem.com\/de\/packaging-print\/","url":"https:\/\/www.rhiem.com\/de\/packaging-print\/","name":"Packaging & Print - RHIEM Gruppe","isPartOf":{"@id":"https:\/\/www.rhiem.com\/de\/#website"},"datePublished":"2024-04-24T11:58:30+00:00","dateModified":"2024-07-16T08:59:52+00:00","breadcrumb":{"@id":"https:\/\/www.rhiem.com\/de\/packaging-print\/#breadcrumb"},"inLanguage":"de","potentialAction":[{"@type":"ReadAction","target":["https:\/\/www.rhiem.com\/de\/packaging-print\/"]}]},{"@type":"BreadcrumbList","@id":"https:\/\/www.rhiem.com\/de\/packaging-print\/#breadcrumb","itemListElement":[{"@type":"ListItem","position":1,"name":"Home","item":"https:\/\/www.rhiem.com\/de\/"},{"@type":"ListItem","position":2,"name":"Packaging &#038; Print"}]},{"@type":"WebSite","@id":"https:\/\/www.rhiem.com\/de\/#website","url":"https:\/\/www.rhiem.com\/de\/","name":"RHIEM Gruppe","description":"Packaging &amp; Print \u2022 E-Commerce \u2022 Logistics \u2022 Werbemittel Management","publisher":{"@id":"https:\/\/www.rhiem.com\/de\/#organization"},"potentialAction":[{"@type":"SearchAction","target":{"@type":"EntryPoint","urlTemplate":"https:\/\/www.rhiem.com\/de\/?s={search_term_string}"},"query-input":{"@type":"PropertyValueSpecification","valueRequired":true,"valueName":"search_term_string"}}],"inLanguage":"de"},{"@type":"Organization","@id":"https:\/\/www.rhiem.com\/de\/#organization","name":"RHIEM Gruppe","url":"https:\/\/www.rhiem.com\/de\/","logo":{"@type":"ImageObject","inLanguage":"de","@id":"https:\/\/www.rhiem.com\/de\/#\/schema\/logo\/image\/","url":"https:\/\/www.rhiem.com\/wp-content\/uploads\/2023\/09\/rhiem-logo.svg","contentUrl":"https:\/\/www.rhiem.com\/wp-content\/uploads\/2023\/09\/rhiem-logo.svg","width":480,"height":280,"caption":"RHIEM Gruppe"},"image":{"@id":"https:\/\/www.rhiem.com\/de\/#\/schema\/logo\/image\/"}}]}},"_links":{"self":[{"href":"https:\/\/www.rhiem.com\/de\/wp-json\/wp\/v2\/pages\/1651","targetHints":{"allow":["GET"]}}],"collection":[{"href":"https:\/\/www.rhiem.com\/de\/wp-json\/wp\/v2\/pages"}],"about":[{"href":"https:\/\/www.rhiem.com\/de\/wp-json\/wp\/v2\/types\/page"}],"author":[{"embeddable":true,"href":"https:\/\/www.rhiem.com\/de\/wp-json\/wp\/v2\/users\/1"}],"replies":[{"embeddable":true,"href":"https:\/\/www.rhiem.com\/de\/wp-json\/wp\/v2\/comments?post=1651"}],"version-history":[{"count":73,"href":"https:\/\/www.rhiem.com\/de\/wp-json\/wp\/v2\/pages\/1651\/revisions"}],"predecessor-version":[{"id":21244,"href":"https:\/\/www.rhiem.com\/de\/wp-json\/wp\/v2\/pages\/1651\/revisions\/21244"}],"wp:attachment":[{"href":"https:\/\/www.rhiem.com\/de\/wp-json\/wp\/v2\/media?parent=1651"}],"curies":[{"name":"wp","href":"https:\/\/api.w.org\/{rel}","templated":true}]}}