{"id":2685,"date":"2024-05-06T15:02:59","date_gmt":"2024-05-06T13:02:59","guid":{"rendered":"https:\/\/neu.rhiem.com\/?page_id=2685"},"modified":"2024-05-31T14:15:15","modified_gmt":"2024-05-31T12:15:15","slug":"referenzen","status":"publish","type":"page","link":"https:\/\/www.rhiem.com\/de\/referenzen\/","title":{"rendered":"Referenzen"},"content":{"rendered":"<p>[et_pb_section fb_built=&#8220;1&#8243; admin_label=&#8220;Page Title Section&#8220; _builder_version=&#8220;4.25.1&#8243; background_enable_image=&#8220;off&#8220; background_video_mp4=&#8220;https:\/\/www.rhiem.com\/wp-content\/uploads\/2023\/10\/uber-rhiem.mp4&#8243; custom_padding=&#8220;110px||110px|&#8220; hover_enabled=&#8220;0&#8243; custom_css_before=&#8220;content:%22%22;||display: block;||position: absolute;||top: 0;||left: 0;||width: 100%;||height: 100%;||z-index: 2;||background-color: rgba(0,0,0,0.4);&#8220; locked=&#8220;off&#8220; collapsed=&#8220;on&#8220; global_colors_info=&#8220;{}&#8220; sticky_enabled=&#8220;0&#8243;][et_pb_row column_structure=&#8220;3_4,1_4&#8243; make_equal=&#8220;on&#8220; admin_label=&#8220;Page Title Area&#8220; _builder_version=&#8220;4.24.0&#8243; background_size=&#8220;initial&#8220; background_position=&#8220;top_left&#8220; background_repeat=&#8220;repeat&#8220; max_width=&#8220;80%&#8220; global_colors_info=&#8220;{}&#8220;][et_pb_column type=&#8220;3_4&#8243; _builder_version=&#8220;4.16&#8243; custom_padding=&#8220;|||&#8220; global_colors_info=&#8220;{}&#8220; custom_padding__hover=&#8220;|||&#8220;][et_pb_text admin_label=&#8220;Title&#8220; _builder_version=&#8220;4.24.0&#8243; text_font=&#8220;||||||||&#8220; header_font=&#8220;|700|||||||&#8220; header_font_size=&#8220;60px&#8220; header_line_height=&#8220;1.2em&#8220; header_2_font=&#8220;||||||||&#8220; header_2_font_size=&#8220;60px&#8220; background_layout=&#8220;dark&#8220; custom_margin=&#8220;||20px|&#8220; custom_padding=&#8220;|||&#8220; animation_style=&#8220;fade&#8220; header_font_size_tablet=&#8220;&#8220; header_font_size_phone=&#8220;40px&#8220; header_font_size_last_edited=&#8220;on|phone&#8220; global_colors_info=&#8220;{}&#8220;]<\/p>\n<h1 style=\"padding:0;\">Marken, H\u00e4ndler und StartUps, die auf RHIEM vertrauen<\/h1>\n<p>[\/et_pb_text][et_pb_text admin_label=&#8220;Page Subtitle&#8220; _builder_version=&#8220;4.24.0&#8243; text_font=&#8220;||||||||&#8220; text_font_size=&#8220;18px&#8220; text_line_height=&#8220;1.8em&#8220; link_font=&#8220;|700|||||||&#8220; link_text_color=&#8220;#FFFFFF&#8220; header_font=&#8220;||||||||&#8220; background_layout=&#8220;dark&#8220; animation_style=&#8220;fade&#8220; global_colors_info=&#8220;{}&#8220;]<\/p>\n<p>Die folgende Auflistung enth\u00e4lt ausgew\u00e4hlte Referenzkunden unterschiedlicher Branchen und Projektgr\u00f6\u00dfen.<\/p>\n<p>Klicken Sie auf ein Projekt um die jeweilige Case Study anzuzeigen.<\/p>\n<p>[\/et_pb_text][\/et_pb_column][et_pb_column type=&#8220;1_4&#8243; _builder_version=&#8220;4.16&#8243; custom_padding=&#8220;|||&#8220; global_colors_info=&#8220;{}&#8220; custom_padding__hover=&#8220;|||&#8220;][\/et_pb_column][\/et_pb_row][\/et_pb_section][et_pb_section fb_built=&#8220;1&#8243; admin_label=&#8220;Sektion Referenzen&#8220; _builder_version=&#8220;4.24.0&#8243; locked=&#8220;off&#8220; collapsed=&#8220;on&#8220; global_colors_info=&#8220;{}&#8220;][et_pb_row admin_label=&#8220;row&#8220; _builder_version=&#8220;4.16&#8243; background_size=&#8220;initial&#8220; background_position=&#8220;top_left&#8220; background_repeat=&#8220;repeat&#8220; global_colors_info=&#8220;{}&#8220;][et_pb_column type=&#8220;4_4&#8243; _builder_version=&#8220;4.16&#8243; custom_padding=&#8220;|||&#8220; global_colors_info=&#8220;{}&#8220; custom_padding__hover=&#8220;|||&#8220;][et_pb_portfolio fullwidth=&#8220;off&#8220; posts_number=&#8220;24&#8243; include_categories=&#8220;17&#8243; show_title=&#8220;off&#8220; show_categories=&#8220;off&#8220; show_pagination=&#8220;off&#8220; _builder_version=&#8220;4.24.0&#8243; _module_preset=&#8220;default&#8220; global_colors_info=&#8220;{}&#8220;][\/et_pb_portfolio][\/et_pb_column][\/et_pb_row][\/et_pb_section]<\/p>\n","protected":false},"excerpt":{"rendered":"<p>Marken, H\u00e4ndler und StartUps, die auf RHIEM vertrauenDie folgende Auflistung enth\u00e4lt ausgew\u00e4hlte Referenzkunden unterschiedlicher Branchen und Projektgr\u00f6\u00dfen. Klicken Sie auf ein Projekt um die jeweilige Case Study anzuzeigen.<\/p>\n","protected":false},"author":1,"featured_media":0,"parent":0,"menu_order":0,"comment_status":"closed","ping_status":"closed","template":"","meta":{"_et_pb_use_builder":"on","_et_pb_old_content":"","_et_gb_content_width":"","footnotes":""},"class_list":["post-2685","page","type-page","status-publish","hentry"],"yoast_head":"<!-- This site is optimized with the Yoast SEO plugin v27.0 - https:\/\/yoast.com\/product\/yoast-seo-wordpress\/ -->\n<title>Referenzen - RHIEM Gruppe<\/title>\n<meta name=\"robots\" content=\"index, follow, max-snippet:-1, max-image-preview:large, max-video-preview:-1\" \/>\n<link rel=\"canonical\" href=\"https:\/\/www.rhiem.com\/de\/referenzen\/\" \/>\n<meta property=\"og:locale\" content=\"de_DE\" \/>\n<meta property=\"og:type\" content=\"article\" \/>\n<meta property=\"og:title\" content=\"Referenzen - RHIEM Gruppe\" \/>\n<meta property=\"og:description\" content=\"Marken, H\u00e4ndler und StartUps, die auf RHIEM vertrauenDie folgende Auflistung enth\u00e4lt ausgew\u00e4hlte Referenzkunden unterschiedlicher Branchen und Projektgr\u00f6\u00dfen. Klicken Sie auf ein Projekt um die jeweilige Case Study anzuzeigen.\" \/>\n<meta property=\"og:url\" content=\"https:\/\/www.rhiem.com\/de\/referenzen\/\" \/>\n<meta property=\"og:site_name\" content=\"RHIEM Gruppe\" \/>\n<meta property=\"article:modified_time\" content=\"2024-05-31T12:15:15+00:00\" \/>\n<meta name=\"twitter:card\" content=\"summary_large_image\" \/>\n<meta name=\"twitter:label1\" content=\"Gesch\u00e4tzte Lesezeit\" \/>\n\t<meta name=\"twitter:data1\" content=\"5\u00a0Minuten\" \/>\n<script type=\"application\/ld+json\" class=\"yoast-schema-graph\">{\"@context\":\"https:\/\/schema.org\",\"@graph\":[{\"@type\":\"WebPage\",\"@id\":\"https:\/\/www.rhiem.com\/de\/referenzen\/\",\"url\":\"https:\/\/www.rhiem.com\/de\/referenzen\/\",\"name\":\"Referenzen - RHIEM Gruppe\",\"isPartOf\":{\"@id\":\"https:\/\/www.rhiem.com\/de\/#website\"},\"datePublished\":\"2024-05-06T13:02:59+00:00\",\"dateModified\":\"2024-05-31T12:15:15+00:00\",\"breadcrumb\":{\"@id\":\"https:\/\/www.rhiem.com\/de\/referenzen\/#breadcrumb\"},\"inLanguage\":\"de\",\"potentialAction\":[{\"@type\":\"ReadAction\",\"target\":[\"https:\/\/www.rhiem.com\/de\/referenzen\/\"]}]},{\"@type\":\"BreadcrumbList\",\"@id\":\"https:\/\/www.rhiem.com\/de\/referenzen\/#breadcrumb\",\"itemListElement\":[{\"@type\":\"ListItem\",\"position\":1,\"name\":\"Home\",\"item\":\"https:\/\/www.rhiem.com\/de\/\"},{\"@type\":\"ListItem\",\"position\":2,\"name\":\"Referenzen\"}]},{\"@type\":\"WebSite\",\"@id\":\"https:\/\/www.rhiem.com\/de\/#website\",\"url\":\"https:\/\/www.rhiem.com\/de\/\",\"name\":\"RHIEM Gruppe\",\"description\":\"Packaging &amp; Print \u2022 E-Commerce \u2022 Logistics \u2022 Werbemittel Management\",\"publisher\":{\"@id\":\"https:\/\/www.rhiem.com\/de\/#organization\"},\"potentialAction\":[{\"@type\":\"SearchAction\",\"target\":{\"@type\":\"EntryPoint\",\"urlTemplate\":\"https:\/\/www.rhiem.com\/de\/?s={search_term_string}\"},\"query-input\":{\"@type\":\"PropertyValueSpecification\",\"valueRequired\":true,\"valueName\":\"search_term_string\"}}],\"inLanguage\":\"de\"},{\"@type\":\"Organization\",\"@id\":\"https:\/\/www.rhiem.com\/de\/#organization\",\"name\":\"RHIEM Gruppe\",\"url\":\"https:\/\/www.rhiem.com\/de\/\",\"logo\":{\"@type\":\"ImageObject\",\"inLanguage\":\"de\",\"@id\":\"https:\/\/www.rhiem.com\/de\/#\/schema\/logo\/image\/\",\"url\":\"https:\/\/www.rhiem.com\/wp-content\/uploads\/2023\/09\/rhiem-logo.svg\",\"contentUrl\":\"https:\/\/www.rhiem.com\/wp-content\/uploads\/2023\/09\/rhiem-logo.svg\",\"width\":480,\"height\":280,\"caption\":\"RHIEM Gruppe\"},\"image\":{\"@id\":\"https:\/\/www.rhiem.com\/de\/#\/schema\/logo\/image\/\"}}]}<\/script>\n<!-- \/ Yoast SEO plugin. -->","yoast_head_json":{"title":"Referenzen - RHIEM Gruppe","robots":{"index":"index","follow":"follow","max-snippet":"max-snippet:-1","max-image-preview":"max-image-preview:large","max-video-preview":"max-video-preview:-1"},"canonical":"https:\/\/www.rhiem.com\/de\/referenzen\/","og_locale":"de_DE","og_type":"article","og_title":"Referenzen - RHIEM Gruppe","og_description":"Marken, H\u00e4ndler und StartUps, die auf RHIEM vertrauenDie folgende Auflistung enth\u00e4lt ausgew\u00e4hlte Referenzkunden unterschiedlicher Branchen und Projektgr\u00f6\u00dfen. Klicken Sie auf ein Projekt um die jeweilige Case Study anzuzeigen.","og_url":"https:\/\/www.rhiem.com\/de\/referenzen\/","og_site_name":"RHIEM Gruppe","article_modified_time":"2024-05-31T12:15:15+00:00","twitter_card":"summary_large_image","twitter_misc":{"Gesch\u00e4tzte Lesezeit":"5\u00a0Minuten"},"schema":{"@context":"https:\/\/schema.org","@graph":[{"@type":"WebPage","@id":"https:\/\/www.rhiem.com\/de\/referenzen\/","url":"https:\/\/www.rhiem.com\/de\/referenzen\/","name":"Referenzen - RHIEM Gruppe","isPartOf":{"@id":"https:\/\/www.rhiem.com\/de\/#website"},"datePublished":"2024-05-06T13:02:59+00:00","dateModified":"2024-05-31T12:15:15+00:00","breadcrumb":{"@id":"https:\/\/www.rhiem.com\/de\/referenzen\/#breadcrumb"},"inLanguage":"de","potentialAction":[{"@type":"ReadAction","target":["https:\/\/www.rhiem.com\/de\/referenzen\/"]}]},{"@type":"BreadcrumbList","@id":"https:\/\/www.rhiem.com\/de\/referenzen\/#breadcrumb","itemListElement":[{"@type":"ListItem","position":1,"name":"Home","item":"https:\/\/www.rhiem.com\/de\/"},{"@type":"ListItem","position":2,"name":"Referenzen"}]},{"@type":"WebSite","@id":"https:\/\/www.rhiem.com\/de\/#website","url":"https:\/\/www.rhiem.com\/de\/","name":"RHIEM Gruppe","description":"Packaging &amp; Print \u2022 E-Commerce \u2022 Logistics \u2022 Werbemittel Management","publisher":{"@id":"https:\/\/www.rhiem.com\/de\/#organization"},"potentialAction":[{"@type":"SearchAction","target":{"@type":"EntryPoint","urlTemplate":"https:\/\/www.rhiem.com\/de\/?s={search_term_string}"},"query-input":{"@type":"PropertyValueSpecification","valueRequired":true,"valueName":"search_term_string"}}],"inLanguage":"de"},{"@type":"Organization","@id":"https:\/\/www.rhiem.com\/de\/#organization","name":"RHIEM Gruppe","url":"https:\/\/www.rhiem.com\/de\/","logo":{"@type":"ImageObject","inLanguage":"de","@id":"https:\/\/www.rhiem.com\/de\/#\/schema\/logo\/image\/","url":"https:\/\/www.rhiem.com\/wp-content\/uploads\/2023\/09\/rhiem-logo.svg","contentUrl":"https:\/\/www.rhiem.com\/wp-content\/uploads\/2023\/09\/rhiem-logo.svg","width":480,"height":280,"caption":"RHIEM Gruppe"},"image":{"@id":"https:\/\/www.rhiem.com\/de\/#\/schema\/logo\/image\/"}}]}},"_links":{"self":[{"href":"https:\/\/www.rhiem.com\/de\/wp-json\/wp\/v2\/pages\/2685","targetHints":{"allow":["GET"]}}],"collection":[{"href":"https:\/\/www.rhiem.com\/de\/wp-json\/wp\/v2\/pages"}],"about":[{"href":"https:\/\/www.rhiem.com\/de\/wp-json\/wp\/v2\/types\/page"}],"author":[{"embeddable":true,"href":"https:\/\/www.rhiem.com\/de\/wp-json\/wp\/v2\/users\/1"}],"replies":[{"embeddable":true,"href":"https:\/\/www.rhiem.com\/de\/wp-json\/wp\/v2\/comments?post=2685"}],"version-history":[{"count":8,"href":"https:\/\/www.rhiem.com\/de\/wp-json\/wp\/v2\/pages\/2685\/revisions"}],"predecessor-version":[{"id":20017,"href":"https:\/\/www.rhiem.com\/de\/wp-json\/wp\/v2\/pages\/2685\/revisions\/20017"}],"wp:attachment":[{"href":"https:\/\/www.rhiem.com\/de\/wp-json\/wp\/v2\/media?parent=2685"}],"curies":[{"name":"wp","href":"https:\/\/api.w.org\/{rel}","templated":true}]}}